{"id":537,"date":"2021-09-07T09:15:20","date_gmt":"2021-09-07T09:15:20","guid":{"rendered":"https:\/\/pulse-consulting.fr\/?page_id=537"},"modified":"2021-09-07T10:15:24","modified_gmt":"2021-09-07T10:15:24","slug":"mentions-legales","status":"publish","type":"page","link":"https:\/\/pulse-consulting.fr\/?page_id=537","title":{"rendered":"Mentions l\u00e9gales"},"content":{"rendered":"\n<div class=\"wp-block-image\"><figure class=\"aligncenter size-full is-resized\"><img loading=\"lazy\" decoding=\"async\" src=\"https:\/\/pulse-consulting.fr\/wp-content\/uploads\/2021\/09\/mentions-legales-3.jpg\" alt=\"\" class=\"wp-image-552\" width=\"512\" height=\"342\" srcset=\"https:\/\/pulse-consulting.fr\/wp-content\/uploads\/2021\/09\/mentions-legales-3.jpg 1024w, https:\/\/pulse-consulting.fr\/wp-content\/uploads\/2021\/09\/mentions-legales-3-300x200.jpg 300w, https:\/\/pulse-consulting.fr\/wp-content\/uploads\/2021\/09\/mentions-legales-3-768x512.jpg 768w, https:\/\/pulse-consulting.fr\/wp-content\/uploads\/2021\/09\/mentions-legales-3-930x620.jpg 930w\" sizes=\"auto, (max-width: 512px) 100vw, 512px\" \/><\/figure><\/div>\n\n\n\n<h2 class=\"has-text-align-center wp-block-heading\">Mentions l\u00e9gales<\/h2>\n\n\n\n<div style=\"height:33px\" aria-hidden=\"true\" class=\"wp-block-spacer\"><\/div>\n\n\n\n<div class=\"wp-block-group\"><div class=\"wp-block-group__inner-container is-layout-flow wp-block-group-is-layout-flow\">\n<p><strong>1 &#8211; \u00c9dition du site<\/strong><br>En vertu de&nbsp;l&rsquo;article 6 de la loi n\u00b0 2004-575 du 21 juin 2004&nbsp;pour la confiance dans l&rsquo;\u00e9conomie num\u00e9rique, il est pr\u00e9cis\u00e9 aux utilisateurs du site internet&nbsp;www.pulse-consulting.fr&nbsp;l&rsquo;identit\u00e9 des diff\u00e9rents intervenants dans le cadre de sa r\u00e9alisation et de son suivi :<\/p>\n\n\n\n<p>Propri\u00e9taire du site :<br>Pulse Consulting<br>SIRET : 123456789<br>Adresse : 3 avenue des Champs-\u00c9lys\u00e9es \u2013 75008 PARIS \u2013 FRANCE<br>Email : <a href=\"mailto:contact@pulse-consulting.fr\">contact@pulse-consulting.fr<\/a><br>T\u00e9l\u00e9phone&nbsp;: 06 25 25 25 25<br>Repr\u00e9sentant l\u00e9gal&nbsp;: Charles JULIEN<\/p>\n\n\n\n<p>H\u00e9bergeur :<br>Hostinger International Ltd<br>61 Lordou Vironos Street \u2013 6023 LARNACA \u2013 CHYPRE<br>Contact&nbsp;: <a href=\"http:\/\/www.hostinger.fr\/contact\">www.hostinger.fr\/contact<\/a><\/p>\n<\/div><\/div>\n\n\n\n<div class=\"wp-block-group\"><div class=\"wp-block-group__inner-container is-layout-flow wp-block-group-is-layout-flow\">\n<p><strong>2 &#8211; Propri\u00e9t\u00e9 intellectuelle et contrefa\u00e7ons<\/strong><br>Tout le contenu du site www.pulse-consulting.fr&nbsp;incluant, de fa\u00e7on non limitative, les graphismes, images, textes, vid\u00e9os, animations, sons, logos, gifs et ic\u00f4nes ainsi que leur mise en forme sont la propri\u00e9t\u00e9 exclusive de Pulse Consulting \u00e0 l\u2019exception des marques, logos ou contenus appartenant \u00e0 d\u2019autres soci\u00e9t\u00e9s partenaires ou auteurs. Les logos, sont prot\u00e9g\u00e9s au titre du droit des marques.<br>Toute reproduction, modification, distribution, retransmission, adaptation ou publication de tout ou partie des \u00e9l\u00e9ments du site, quel que soit le moyen ou le proc\u00e9d\u00e9 utilis\u00e9, est interdite, sauf autorisation \u00e9crite pr\u00e9alable de&nbsp;Pulse Consulting.<br>Toute exploitation non autoris\u00e9e du site ou de l\u2019un des \u00e9l\u00e9ments qu\u2019il contient sera consid\u00e9r\u00e9e comme constitutive d\u2019une contrefa\u00e7on et poursuivie conform\u00e9ment aux dispositions des articles&nbsp;L.335-2 et suivants du Code de la propri\u00e9t\u00e9 intellectuelle. En outre, les propri\u00e9taires des contenus copi\u00e9s pourraient intenter une action en justice \u00e0 l\u2019encontre du contrefacteur, engageant sa responsabilit\u00e9 civile et\/ou p\u00e9nale.<br>Cr\u00e9dits photos et illustrations : Unsplash, Flaticon.com.<\/p>\n<\/div><\/div>\n\n\n\n<div class=\"wp-block-group\"><div class=\"wp-block-group__inner-container is-layout-flow wp-block-group-is-layout-flow\">\n<p><strong>3 &#8211; Limitations de responsabilit\u00e9<\/strong><br>Pulse Consulting&nbsp;ne pourra \u00eatre tenu pour responsable des dommages directs et indirects caus\u00e9s au mat\u00e9riel de l\u2019utilisateur lors de l\u2019acc\u00e8s au site&nbsp;www.pulse-consulting.fr.<br>Pulse Consulting&nbsp;d\u00e9cline toute responsabilit\u00e9 quant \u00e0 l\u2019utilisation qui pourrait \u00eatre faite des informations et contenus pr\u00e9sents sur&nbsp;www.pulse-consulting.fr.<br>Pulse Consulting&nbsp;s\u2019engage \u00e0 s\u00e9curiser au mieux le site&nbsp;www.pulse-consulting.fr, cependant sa responsabilit\u00e9 ne pourra \u00eatre mise en cause si des donn\u00e9es ind\u00e9sirables sont import\u00e9es et install\u00e9es sur son site \u00e0 son insu.<br>Des espaces interactifs (contact ou commentaires) sont \u00e0 la disposition des utilisateurs.&nbsp;Pulse Consulting&nbsp;se r\u00e9serve le droit de supprimer, sans mise en demeure pr\u00e9alable, tout contenu d\u00e9pos\u00e9 dans cet espace qui contreviendrait \u00e0 la l\u00e9gislation applicable en France, en particulier aux dispositions relatives \u00e0 la protection des donn\u00e9es.<br>Le cas \u00e9ch\u00e9ant,&nbsp;Pulse Consulting&nbsp;se r\u00e9serve \u00e9galement la possibilit\u00e9 de mettre en cause la responsabilit\u00e9 civile et\/ou p\u00e9nale de l\u2019utilisateur, notamment en cas de message \u00e0 caract\u00e8re raciste, injurieux, diffamant ou pornographique, quel que soit le support utilis\u00e9 (texte, photographie, etc.).<\/p>\n<\/div><\/div>\n\n\n\n<div class=\"wp-block-group\"><div class=\"wp-block-group__inner-container is-layout-flow wp-block-group-is-layout-flow\">\n<p><strong>4 &#8211; Gestion des donn\u00e9es personnelles<\/strong><br>De mani\u00e8re g\u00e9n\u00e9rale, vous n\u2019\u00eates pas tenu de nous communiquer vos donn\u00e9es personnelles lorsque vous visitez le site&nbsp;www.pulse-consulting.fr.<br>Cependant, pour certains services propos\u00e9s par le site, vous pouvez \u00eatre amen\u00e9s \u00e0 communiquer des donn\u00e9es telles que : votre nom, le nom de votre soci\u00e9t\u00e9, votre adresse \u00e9lectronique et votre num\u00e9ro de t\u00e9l\u00e9phone. Tel est le cas lorsque vous remplissez le formulaire propos\u00e9 en ligne dans la rubrique \u00ab&nbsp;Contactez-nous&nbsp;\u00bb.&nbsp;Vous pouvez refuser de nous transmettre vos donn\u00e9es personnelles. Cela signifierait alors que vous ne pourriez pas utiliser les services du site, notamment celui de solliciter des renseignements sur la soci\u00e9t\u00e9.<br>Nous pouvons \u00e9galement collecter de mani\u00e8re automatique quelques informations vous concernant lors d\u2019une simple navigation sur notre site internet, notamment des \u00e9l\u00e9ments concernant l\u2019utilisation de celui-ci, comme les zones que vous visitez, les rubriques auxquelles vous acc\u00e9dez, votre adresse IP, le type de votre navigateur, votre temps d\u2019acc\u00e8s. Ces informations sont utilis\u00e9es exclusivement \u00e0 des fins de statistiques internes afin d\u2019am\u00e9liorer la qualit\u00e9 des services qui vous sont propos\u00e9s. Les bases de donn\u00e9es sont prot\u00e9g\u00e9es par les dispositions de la loi du 1er juillet 1998 transposant la directive 96\/9 du 11 mars 1996 relative \u00e0 la protection juridique des bases de donn\u00e9es. La dur\u00e9e de conservation des donn\u00e9es est de 3 ans.<br>Conform\u00e9ment aux dispositions des articles 38 et suivants de la loi n\u00b078-17 du 6 janvier 1978 relative \u00e0 l\u2019informatique, aux fichiers et aux libert\u00e9s, tout utilisateur dispose d\u2019un droit d\u2019acc\u00e8s, de rectification et d\u2019opposition aux donn\u00e9es personnelles collect\u00e9es le concernant en faisant la demande par lettre&nbsp;\u00e9crite et sign\u00e9e, accompagn\u00e9e d\u2019une copie du titre d\u2019identit\u00e9 avec signature du titulaire de la pi\u00e8ce, en pr\u00e9cisant l\u2019adresse \u00e0 laquelle la r\u00e9ponse doit \u00eatre envoy\u00e9e.<\/p>\n<\/div><\/div>\n\n\n\n<div class=\"wp-block-group\"><div class=\"wp-block-group__inner-container is-layout-flow wp-block-group-is-layout-flow\">\n<p><strong>5 &#8211; Liens hypertextes<\/strong><br>Le site&nbsp;www.pulse-consulting.fr&nbsp;contient des liens hypertextes vers d\u2019autres sites. Pulse Consulting n\u2019ayant pas la possibilit\u00e9 de v\u00e9rifier r\u00e9guli\u00e8rement le contenu de ces sites, il n\u2019engage aucunement sa responsabilit\u00e9 au titre d\u2019un site tiers auquel l\u2019utilisateur aurait acc\u00e8s via le site.<br>Il d\u00e9gage \u00e9galement toute responsabilit\u00e9 \u00e0 propos des liens cr\u00e9\u00e9s par d\u2019autres sites vers&nbsp;www.pulse-consulting.fr. Pulse Consulting se r\u00e9serve le droit de demander la suppression de tout lien vers son site.<\/p>\n<\/div><\/div>\n\n\n\n<div class=\"wp-block-group\"><div class=\"wp-block-group__inner-container is-layout-flow wp-block-group-is-layout-flow\">\n<p><strong>6 &#8211; Cookies<\/strong><br>La navigation sur le site&nbsp;www.pulse-consulting.fr&nbsp;est susceptible de provoquer l\u2019installation de cookie(s) sur le terminal (ordinateur, smartphone, tablette, etc.) de l\u2019utilisateur.<br>Un cookie est un fichier texte de petite taille plac\u00e9 et stock\u00e9 sur le disque dur du terminal utilis\u00e9 par le serveur d\u2019un site internet. Il ne permet pas l\u2019identification de l\u2019utilisateur mais enregistre des informations relatives \u00e0 la navigation du terminal sur le site. Les informations obtenues permettent de faciliter la navigation ult\u00e9rieure sur le site et peuvent \u00eatre utilis\u00e9es pour diverses mesures de fr\u00e9quentation. Certains de ces cookies sont n\u00e9cessaires et parfois m\u00eame indispensables pour acc\u00e9der \u00e0 certaines fonctionnalit\u00e9s d\u2019un site comme le partage sur les r\u00e9seaux sociaux.<br>L\u2019utilisation des cookies n\u2019est pas obligatoire. Vous avez la possibilit\u00e9&nbsp;d\u2019accepter ou de refuser les cookies&nbsp;gr\u00e2ce au bandeau pr\u00e9vu \u00e0 cet usage lors de la connexion ou en modifiant les param\u00e8tres de votre navigateur.<\/p>\n<\/div><\/div>\n\n\n\n<p><strong>7 &#8211; Droit applicable et attribution de juridiction<\/strong><br>Tout litige en relation avec l\u2019utilisation du site&nbsp;www.pulse-consulting.fr&nbsp;est soumis au droit fran\u00e7ais. En dehors des cas o\u00f9 la loi ne le permet pas, il est fait attribution exclusive de juridiction aux tribunaux comp\u00e9tents de&nbsp;VERSAILLES.<\/p>\n","protected":false},"excerpt":{"rendered":"<p>Mentions l\u00e9gales 1 &#8211; \u00c9dition du siteEn vertu de&nbsp;l&rsquo;article 6 de la loi n\u00b0 2004-575 du 21 juin 2004&nbsp;pour la confiance dans l&rsquo;\u00e9conomie num\u00e9rique, il est pr\u00e9cis\u00e9 aux utilisateurs du site internet&nbsp;www.pulse-consulting.fr&nbsp;l&rsquo;identit\u00e9 des diff\u00e9rents intervenants dans le cadre de sa r\u00e9alisation et de son suivi : Propri\u00e9taire du site :Pulse ConsultingSIRET : 123456789Adresse : 3&hellip;&nbsp;<a href=\"https:\/\/pulse-consulting.fr\/?page_id=537\" class=\"\" rel=\"bookmark\">Lire la suite &raquo;<span class=\"screen-reader-text\">Mentions l\u00e9gales<\/span><\/a><\/p>\n","protected":false},"author":1,"featured_media":0,"parent":0,"menu_order":0,"comment_status":"closed","ping_status":"closed","template":"","meta":{"om_disable_all_campaigns":false,"_monsterinsights_skip_tracking":false,"_monsterinsights_sitenote_active":false,"_monsterinsights_sitenote_note":"","_monsterinsights_sitenote_category":0,"neve_meta_sidebar":"","neve_meta_container":"","neve_meta_enable_content_width":"","neve_meta_content_width":0,"neve_meta_title_alignment":"","neve_meta_author_avatar":"","neve_post_elements_order":"","neve_meta_disable_header":"off","neve_meta_disable_footer":"","neve_meta_disable_title":"on","footnotes":""},"class_list":["post-537","page","type-page","status-publish","hentry"],"_links":{"self":[{"href":"https:\/\/pulse-consulting.fr\/index.php?rest_route=\/wp\/v2\/pages\/537","targetHints":{"allow":["GET"]}}],"collection":[{"href":"https:\/\/pulse-consulting.fr\/index.php?rest_route=\/wp\/v2\/pages"}],"about":[{"href":"https:\/\/pulse-consulting.fr\/index.php?rest_route=\/wp\/v2\/types\/page"}],"author":[{"embeddable":true,"href":"https:\/\/pulse-consulting.fr\/index.php?rest_route=\/wp\/v2\/users\/1"}],"replies":[{"embeddable":true,"href":"https:\/\/pulse-consulting.fr\/index.php?rest_route=%2Fwp%2Fv2%2Fcomments&post=537"}],"version-history":[{"count":8,"href":"https:\/\/pulse-consulting.fr\/index.php?rest_route=\/wp\/v2\/pages\/537\/revisions"}],"predecessor-version":[{"id":558,"href":"https:\/\/pulse-consulting.fr\/index.php?rest_route=\/wp\/v2\/pages\/537\/revisions\/558"}],"wp:attachment":[{"href":"https:\/\/pulse-consulting.fr\/index.php?rest_route=%2Fwp%2Fv2%2Fmedia&parent=537"}],"curies":[{"name":"wp","href":"https:\/\/api.w.org\/{rel}","templated":true}]}}