{"id":8,"date":"2021-09-02T21:02:41","date_gmt":"2021-09-02T21:02:41","guid":{"rendered":"https:\/\/pulse-consulting.fr\/?page_id=8"},"modified":"2021-09-08T12:54:53","modified_gmt":"2021-09-08T12:54:53","slug":"contact","status":"publish","type":"page","link":"https:\/\/pulse-consulting.fr\/?page_id=8","title":{"rendered":"Contact"},"content":{"rendered":"\n<div style=\"height:25px\" aria-hidden=\"true\" class=\"wp-block-spacer\"><\/div>\n\n\n\n<div class=\"wp-block-columns is-layout-flex wp-container-core-columns-is-layout-9d6595d7 wp-block-columns-is-layout-flex\">\n<div class=\"wp-block-column is-layout-flow wp-block-column-is-layout-flow\">\n<h2 class=\"has-text-align-center wp-block-heading\">N\u2019h\u00e9sitez pas \u00e0 nous interroger !<\/h2>\n\n\n\n<p class=\"has-text-align-center\">Nous sommes \u00e0 votre disposition pour r\u00e9pondre \u00e0 vos demandes d&rsquo;informations, vous proposer un devis ou simplement discuter de votre projet.<\/p>\n\n\n\n<figure class=\"wp-block-image size-large\"><img loading=\"lazy\" decoding=\"async\" width=\"1024\" height=\"1024\" src=\"http:\/\/pulse-consulting.fr\/wp-content\/uploads\/2021\/09\/contact-1-1024x1024.jpg\" alt=\"\" class=\"wp-image-243\" srcset=\"https:\/\/pulse-consulting.fr\/wp-content\/uploads\/2021\/09\/contact-1-1024x1024.jpg 1024w, https:\/\/pulse-consulting.fr\/wp-content\/uploads\/2021\/09\/contact-1-300x300.jpg 300w, https:\/\/pulse-consulting.fr\/wp-content\/uploads\/2021\/09\/contact-1-150x150.jpg 150w, https:\/\/pulse-consulting.fr\/wp-content\/uploads\/2021\/09\/contact-1-768x768.jpg 768w, https:\/\/pulse-consulting.fr\/wp-content\/uploads\/2021\/09\/contact-1-1536x1536.jpg 1536w, https:\/\/pulse-consulting.fr\/wp-content\/uploads\/2021\/09\/contact-1-2048x2048.jpg 2048w\" sizes=\"auto, (max-width: 1024px) 100vw, 1024px\" \/><\/figure>\n<\/div>\n\n\n\n<div class=\"wp-block-column is-layout-flow wp-block-column-is-layout-flow\">\n<div class=\"wp-block-cover has-nv-dark-bg-background-color has-background-dim\"><div class=\"wp-block-cover__inner-container is-layout-flow wp-block-cover-is-layout-flow\"><div class=\"cf7sg-container\"><div id=\"cf7sg-form-formulaire-responsive\" class=\"cf7-smart-grid has-grid key_formulaire-responsive\"><div role=\"form\" class=\"wpcf7\" id=\"wpcf7-f495-o1\" lang=\"fr-FR\" dir=\"ltr\">\n<div class=\"screen-reader-response\"><p role=\"status\" aria-live=\"polite\" aria-atomic=\"true\"><\/p> <ul><\/ul><\/div>\n<form action=\"\/index.php?rest_route=%2Fwp%2Fv2%2Fpages%2F8#wpcf7-f495-o1\" method=\"post\" class=\"wpcf7-form init\" novalidate=\"novalidate\" data-status=\"init\">\n<div style=\"display: none;\">\n<input type=\"hidden\" name=\"_wpcf7\" value=\"495\" \/>\n<input type=\"hidden\" name=\"_wpcf7_version\" value=\"5.4.2\" \/>\n<input type=\"hidden\" name=\"_wpcf7_locale\" value=\"fr_FR\" \/>\n<input type=\"hidden\" name=\"_wpcf7_unit_tag\" value=\"wpcf7-f495-o1\" \/>\n<input type=\"hidden\" name=\"_wpcf7_container_post\" value=\"0\" \/>\n<input type=\"hidden\" name=\"_wpcf7_posted_data_hash\" value=\"\" \/>\n<input type=\"hidden\" name=\"_wpcf7_key\" value=\"formulaire-responsive\" \/>\n<input type=\"hidden\" name=\"_cf7sg_toggles\" value=\"\" \/>\n<input type=\"hidden\" name=\"_cf7sg_version\" value=\"4.10.0\" \/>\n<input type=\"hidden\" name=\"_wpnonce\" value=\"88a86cf48e\" \/>\n<\/div>\n            <style>\r\n                .uacf7-uacf7style-495 label {\r\n                    color: ;\r\n                    background-color: ;\r\n                    font-size: px;\r\n                    font-family: ;\r\n                    font-style: normal;\r\n                    font-weight: normal;\r\n                    padding-top: px;\r\n                    padding-right: px;\r\n                    padding-bottom: px;\r\n                    padding-left: px;\r\n                    margin-top: px;\r\n                    margin-right: px;\r\n                    margin-bottom: px;\r\n                    margin-left: px;\r\n                }\r\n                .uacf7-uacf7style-495 input[type=\"email\"],\r\n                .uacf7-uacf7style-495 input[type=\"number\"],\r\n                .uacf7-uacf7style-495 input[type=\"password\"],\r\n                .uacf7-uacf7style-495 input[type=\"search\"],\r\n                .uacf7-uacf7style-495 input[type=\"tel\"],\r\n                .uacf7-uacf7style-495 input[type=\"text\"],\r\n                .uacf7-uacf7style-495 input[type=\"url\"],\r\n                .uacf7-uacf7style-495 input[type=\"date\"],\r\n                .uacf7-uacf7style-495 select,\r\n                .uacf7-uacf7style-495 textarea {\r\n                    color: ;\r\n                    background-color: ;\r\n                    font-size: px;\r\n                    font-family: ;\r\n                    font-style: normal;\r\n                    font-weight: normal;\r\n                    height: px;\r\n                    border-width: px;\r\n                    border-color: ;\r\n                    border-style: aucune;\r\n                    border-radius: px;\r\n                    padding-top: px;\r\n                    padding-right: px;\r\n                    padding-bottom: px;\r\n                    padding-left: px;\r\n                    margin-top: px;\r\n                    margin-right: px;\r\n                    margin-bottom: px;\r\n                    margin-left: px;\r\n                }\r\n                .uacf7-uacf7style-495 .wpcf7-radio span,\r\n                .uacf7-uacf7style-495 .wpcf7-checkbox span {\r\n                    color: ;\r\n                    font-size: px;\r\n                    font-family: ;\r\n                    font-style: normal;\r\n                    font-weight: normal;\r\n                }\r\n                .uacf7-uacf7style-495 textarea {\r\n                    height: px;\r\n                }\r\n                .wpcf7-form-control-wrap select {\r\n                    width: 100%;\r\n                }\r\n                .uacf7-uacf7style-495 input[type=\"submit\"] {\r\n                    color: #073ec9;\r\n                    background-color: #ffd500;\r\n                    font-size: px;\r\n                    font-family: ;\r\n                    font-style: normal;\r\n                    font-weight: normal;\r\n                    border-width: px;\r\n                    border-color: ;\r\n                    border-style: aucune;\r\n                    border-radius: px;\r\n                    width: 100px;\r\n                    padding-top: px;\r\n                    padding-right: px;\r\n                    padding-bottom: px;\r\n                    padding-left: px;\r\n                    margin-top: px;\r\n                    margin-right: px;\r\n                    margin-bottom: px;\r\n                    margin-left: px;\r\n                }\r\n                .uacf7-uacf7style-495 input[type=\"submit\"]:hover {\r\n                    color: #073ec9;\r\n                    background-color: #ff2442;\r\n                    border-color: ;\r\n                }\r\n                            <\/style>\r\n            <div class=\"uacf7-uacf7style-495\"><div class=\"container\">\n  <div class=\"row\">\n    <div class=\"columns full\">\n      <div class=\"container\">\n        <div class=\"row\">\n          <div class=\"columns full\">\n            <div class=\"field\"><label>Vos nom et pr\u00e9nom<em>*<\/em><\/label><span class=\"wpcf7-form-control-wrap your-name\"><input type=\"text\" name=\"your-name\" value=\"\" size=\"40\" class=\"wpcf7-form-control wpcf7-text wpcf7-validates-as-required\" aria-required=\"true\" aria-invalid=\"false\" \/><\/span>\n              <p class=\"info-tip\"><\/p>\n            <\/div>\n          <\/div>\n        <\/div>\n      <\/div>\n      <div class=\"container\">\n        <div class=\"row\">\n          <div class=\"columns full\">\n            <div class=\"field\"><label>Votre email<em>*<\/em><\/label><span class=\"wpcf7-form-control-wrap your-email\"><input type=\"email\" name=\"your-email\" value=\"\" size=\"40\" class=\"wpcf7-form-control wpcf7-text wpcf7-email wpcf7-validates-as-required wpcf7-validates-as-email\" aria-required=\"true\" aria-invalid=\"false\" \/><\/span>\n              <p class=\"info-tip\"><\/p>\n            <\/div>\n          <\/div>\n        <\/div>\n      <\/div>\n      <div class=\"container\">\n        <div class=\"row\">\n          <div class=\"columns full\">\n            <div class=\"field\"><label>Objet de votre message<em>*<\/em><\/label><span class=\"wpcf7-form-control-wrap your-subject\"><input type=\"text\" name=\"your-subject\" value=\"\" size=\"40\" class=\"wpcf7-form-control wpcf7-text wpcf7-validates-as-required\" aria-required=\"true\" aria-invalid=\"false\" \/><\/span>\n              <p class=\"info-tip\"><\/p>\n            <\/div>\n          <\/div>\n        <\/div>\n      <\/div>\n      <div class=\"container\">\n        <div class=\"row\">\n          <div class=\"columns full\">\n            <div class=\"field\"><label>Votre message<em>*<\/em><\/label><span class=\"wpcf7-form-control-wrap your-message\"><textarea name=\"your-message\" cols=\"40\" rows=\"5\" class=\"wpcf7-form-control wpcf7-textarea wpcf7-validates-as-required\" aria-required=\"true\" aria-invalid=\"false\"><\/textarea><\/span>\n              <p class=\"info-tip\"><\/p>\n            <\/div>\n          <\/div>\n        <\/div>\n      <\/div>\n      <div class=\"container\">\n        <div class=\"row\">\n          <div class=\"columns full\">\n            <div class=\"field\"><label><em>*<\/em> champs obligatoires<\/label>\n              <p class=\"info-tip\"><\/p>\n            <\/div>\n          <\/div>\n        <\/div>\n      <\/div>\n      <br>\n      <div class=\"container\">\n        <div class=\"row\">\n          <div class=\"columns full\">\n            <div class=\"field\"><span class=\"wpcf7-form-control-wrap checkbox-668\"><span class=\"wpcf7-form-control wpcf7-checkbox wpcf7-validates-as-required\"><span class=\"wpcf7-list-item first last\"><input type=\"checkbox\" name=\"checkbox-668[]\" value=\"J&#039;accepte que mes donn\u00e9es soient utilis\u00e9es pour me r\u00e9pondre\" \/><span class=\"wpcf7-list-item-label\">J&#039;accepte que mes donn\u00e9es soient utilis\u00e9es pour me r\u00e9pondre<\/span><\/span><\/span><\/span>\n              <p class=\"info-tip\"><\/p>\n            <\/div>\n          <\/div>\n        <\/div>\n      <\/div>\n      <br>\n      <div class=\"container\">\n        <div class=\"row\">\n          <div class=\"columns full\">\n            <div class=\"field\"><label><\/label><input type=\"submit\" value=\"ENVOYER\" class=\"wpcf7-form-control wpcf7-submit\" \/>\n              <p class=\"info-tip\"><\/p>\n            <\/div>\n          <\/div>\n        <\/div>\n      <\/div>\n    <\/div>\n<\/div><\/div><div class=\"wpcf7-response-output\" aria-hidden=\"true\"><\/div><\/form><\/div><\/div><\/div>\n<\/div><\/div>\n<\/div>\n<\/div>\n\n\n\n<div style=\"height:30px\" aria-hidden=\"true\" class=\"wp-block-spacer\"><\/div>\n","protected":false},"excerpt":{"rendered":"<p>N\u2019h\u00e9sitez pas \u00e0 nous interroger ! Nous sommes \u00e0 votre disposition pour r\u00e9pondre \u00e0 vos demandes d&rsquo;informations, vous proposer un devis ou simplement discuter de votre projet.<\/p>\n","protected":false},"author":1,"featured_media":0,"parent":0,"menu_order":0,"comment_status":"closed","ping_status":"closed","template":"","meta":{"om_disable_all_campaigns":false,"_monsterinsights_skip_tracking":false,"_monsterinsights_sitenote_active":false,"_monsterinsights_sitenote_note":"","_monsterinsights_sitenote_category":0,"neve_meta_sidebar":"","neve_meta_container":"","neve_meta_enable_content_width":"on","neve_meta_content_width":100,"neve_meta_title_alignment":"","neve_meta_author_avatar":"","neve_post_elements_order":"","neve_meta_disable_header":"","neve_meta_disable_footer":"","neve_meta_disable_title":"on","footnotes":""},"class_list":["post-8","page","type-page","status-publish","hentry"],"_links":{"self":[{"href":"https:\/\/pulse-consulting.fr\/index.php?rest_route=\/wp\/v2\/pages\/8","targetHints":{"allow":["GET"]}}],"collection":[{"href":"https:\/\/pulse-consulting.fr\/index.php?rest_route=\/wp\/v2\/pages"}],"about":[{"href":"https:\/\/pulse-consulting.fr\/index.php?rest_route=\/wp\/v2\/types\/page"}],"author":[{"embeddable":true,"href":"https:\/\/pulse-consulting.fr\/index.php?rest_route=\/wp\/v2\/users\/1"}],"replies":[{"embeddable":true,"href":"https:\/\/pulse-consulting.fr\/index.php?rest_route=%2Fwp%2Fv2%2Fcomments&post=8"}],"version-history":[{"count":60,"href":"https:\/\/pulse-consulting.fr\/index.php?rest_route=\/wp\/v2\/pages\/8\/revisions"}],"predecessor-version":[{"id":700,"href":"https:\/\/pulse-consulting.fr\/index.php?rest_route=\/wp\/v2\/pages\/8\/revisions\/700"}],"wp:attachment":[{"href":"https:\/\/pulse-consulting.fr\/index.php?rest_route=%2Fwp%2Fv2%2Fmedia&parent=8"}],"curies":[{"name":"wp","href":"https:\/\/api.w.org\/{rel}","templated":true}]}}